{"id":3449,"date":"2021-02-23T19:16:42","date_gmt":"2021-02-23T19:16:42","guid":{"rendered":"http:\/\/healthybluestore.com\/?page_id=3449"},"modified":"2021-05-03T22:36:28","modified_gmt":"2021-05-03T22:36:28","slug":"nosotros","status":"publish","type":"page","link":"https:\/\/healthybluestore.com\/index.php\/nosotros\/","title":{"rendered":"NOSOTROS"},"content":{"rendered":"<div  class='avia-image-container  av-styling-    avia-builder-el-0  el_before_av_section  avia-builder-el-no-sibling  avia-align-center '  itemprop=\"image\" itemscope=\"itemscope\" itemtype=\"https:\/\/schema.org\/ImageObject\"  ><div class='avia-image-container-inner'><div class='avia-image-overlay-wrap'><img class='wp-image-3444 avia-img-lazy-loading-not-3444 avia_image' src=\"https:\/\/healthybluestore.com\/wp-content\/uploads\/2021\/02\/hb-banner.jpg\" alt='' title='hb-banner' height=\"600\" width=\"1500\"  itemprop=\"thumbnailUrl\" srcset=\"https:\/\/healthybluestore.com\/wp-content\/uploads\/2021\/02\/hb-banner.jpg 1500w, https:\/\/healthybluestore.com\/wp-content\/uploads\/2021\/02\/hb-banner-300x120.jpg 300w, https:\/\/healthybluestore.com\/wp-content\/uploads\/2021\/02\/hb-banner-1030x412.jpg 1030w, https:\/\/healthybluestore.com\/wp-content\/uploads\/2021\/02\/hb-banner-768x307.jpg 768w, https:\/\/healthybluestore.com\/wp-content\/uploads\/2021\/02\/hb-banner-705x282.jpg 705w, https:\/\/healthybluestore.com\/wp-content\/uploads\/2021\/02\/hb-banner-600x240.jpg 600w\" sizes=\"(max-width: 1500px) 100vw, 1500px\" \/><\/div><\/div><\/div>\n<\/div><\/div><\/div><!-- close content main div --><\/div><\/div><div id='av_section_1'  class='avia-section alternate_color avia-section-large avia-shadow  avia-bg-style-scroll  avia-builder-el-1  el_after_av_image  avia-builder-el-last   container_wrap fullsize' style=' '  ><div class='container' ><div class='template-page content  av-content-full alpha units'><div class='post-entry post-entry-type-page post-entry-3449'><div class='entry-content-wrapper clearfix'>\n<div class=\"flex_column av_one_half  flex_column_div first  avia-builder-el-2  el_before_av_one_half  avia-builder-el-first  \" ><section class=\"av_textblock_section \"  itemscope=\"itemscope\" itemtype=\"https:\/\/schema.org\/CreativeWork\" ><div class='avia_textblock  '   itemprop=\"text\" ><h2 style=\"text-align: right;\">NOSOTROS<\/h2>\n<\/div><\/section><br \/>\n<div   class='hr hr-short hr-right   avia-builder-el-4  el_after_av_textblock  el_before_av_textblock '><span class='hr-inner ' ><span class='hr-inner-style'><\/span><\/span><\/div><br \/>\n<section class=\"av_textblock_section \"  itemscope=\"itemscope\" itemtype=\"https:\/\/schema.org\/CreativeWork\" ><div class='avia_textblock  '   itemprop=\"text\" ><p style=\"text-align: justify;\">Desde los inicios de la humanidad los humanos desarrollaron sistemas de medicina, que un\u00edan la naturaleza con el cuerpo f\u00edsico y espiritual, para nosotros poder reconocer estos saberes y experiencias ancestrales de los pueblos originarios del mundo y traerlos a la actualidad es lo que nos motiva.<br \/>\nTenemos la fuerte creencia que reconocer este tipo de medicina nos podr\u00eda ayudar a prevenir y tratar una amplia variedad de dolencias y enfermedades de la forma m\u00e1s natural posible.<br \/>\nHealthy Blue trae un conjunto de conocimientos, aptitudes y pr\u00e1cticas utilizados para prevenir, diagnosticar, mejorar o tratar enfermedades f\u00edsicas y mentales, adem\u00e1s de cuidar de tu belleza de una forma natural.<\/p>\n<\/div><\/section><br \/>\n<div   class='hr hr-short hr-right   avia-builder-el-6  el_after_av_textblock  avia-builder-el-last '><span class='hr-inner ' ><span class='hr-inner-style'><\/span><\/span><\/div><\/p><\/div><div class=\"flex_column av_one_half  flex_column_div   avia-builder-el-7  el_after_av_one_half  avia-builder-el-last  \" ><section class=\"av_textblock_section \"  itemscope=\"itemscope\" itemtype=\"https:\/\/schema.org\/CreativeWork\" ><div class='avia_textblock  '   itemprop=\"text\" ><h2 style=\"text-align: left;\"><span style=\"vertical-align: inherit;\"><span style=\"vertical-align: inherit;\"><img loading=\"lazy\" class=\"alignnone wp-image-3517 size-thumbnail\" src=\"http:\/\/healthybluestore.com\/wp-content\/uploads\/2021\/02\/healthy-blue-store-INNOVACIO\u0301N-80x80.png\" alt=\"\" width=\"80\" height=\"80\" \/><span style=\"vertical-align: inherit;\"><span style=\"vertical-align: inherit;\"><span style=\"vertical-align: inherit;\"><span style=\"vertical-align: inherit;\">INOVACI\u00d3N<\/span><\/span><\/span><\/span><\/span><\/span><\/h2>\n<\/div><\/section><br \/>\n<section class=\"av_textblock_section \"  itemscope=\"itemscope\" itemtype=\"https:\/\/schema.org\/CreativeWork\" ><div class='avia_textblock  '   itemprop=\"text\" ><h2 style=\"text-align: left;\"><span style=\"vertical-align: inherit;\"><span style=\"vertical-align: inherit;\"><img loading=\"lazy\" class=\"alignnone wp-image-3516 size-thumbnail\" src=\"http:\/\/healthybluestore.com\/wp-content\/uploads\/2021\/02\/healthy-blue-store-esperiencia-80x80.png\" alt=\"\" width=\"80\" height=\"80\" \/><span style=\"vertical-align: inherit;\"><span style=\"vertical-align: inherit;\"><span style=\"vertical-align: inherit;\"><span style=\"vertical-align: inherit;\"><span style=\"vertical-align: inherit;\"><span style=\"vertical-align: inherit;\"><span style=\"vertical-align: inherit;\"><span style=\"vertical-align: inherit;\">EXPERIENCIA<\/span><\/span><\/span><\/span><\/span><\/span><\/span><\/span><\/span><\/span><\/h2>\n<\/div><\/section><br \/>\n<section class=\"av_textblock_section \"  itemscope=\"itemscope\" itemtype=\"https:\/\/schema.org\/CreativeWork\" ><div class='avia_textblock  '   itemprop=\"text\" ><h2 style=\"text-align: left;\"><span style=\"vertical-align: inherit;\"><span style=\"vertical-align: inherit;\"><img loading=\"lazy\" class=\"alignnone wp-image-3519 size-thumbnail\" src=\"http:\/\/healthybluestore.com\/wp-content\/uploads\/2021\/02\/healthy-blue-store-natural-80x80.png\" alt=\"\" width=\"80\" height=\"80\" \/><span style=\"vertical-align: inherit;\"><span style=\"vertical-align: inherit;\"><span style=\"vertical-align: inherit;\"><span style=\"vertical-align: inherit;\"><span style=\"vertical-align: inherit;\"><span style=\"vertical-align: inherit;\"><span style=\"vertical-align: inherit;\"><span style=\"vertical-align: inherit;\">NATURAL<\/span><\/span><\/span><\/span><\/span><\/span><\/span><\/span><\/span><\/span><\/h2>\n<\/div><\/section><br \/>\n<section class=\"av_textblock_section \"  itemscope=\"itemscope\" itemtype=\"https:\/\/schema.org\/CreativeWork\" ><div class='avia_textblock  '   itemprop=\"text\" ><h2 style=\"text-align: left;\"><span style=\"vertical-align: inherit;\"><span style=\"vertical-align: inherit;\"><img loading=\"lazy\" class=\"alignnone wp-image-3518 size-thumbnail\" src=\"http:\/\/healthybluestore.com\/wp-content\/uploads\/2021\/02\/healthy-blue-store-investigacion-80x80.png\" alt=\"\" width=\"80\" height=\"80\" \/><span style=\"vertical-align: inherit;\"><span style=\"vertical-align: inherit;\"><span style=\"vertical-align: inherit;\"><span style=\"vertical-align: inherit;\"><span style=\"vertical-align: inherit;\"><span style=\"vertical-align: inherit;\"><span style=\"vertical-align: inherit;\"><span style=\"vertical-align: inherit;\"><span style=\"vertical-align: inherit;\"><span style=\"vertical-align: inherit;\">INVESTIGACI\u00d3N<\/span><\/span><\/span><\/span><\/span><\/span><\/span><\/span><\/span><\/span><\/span><\/span><\/h2>\n<\/div><\/section><br \/>\n<section class=\"av_textblock_section \"  itemscope=\"itemscope\" itemtype=\"https:\/\/schema.org\/CreativeWork\" ><div class='avia_textblock  '   itemprop=\"text\" ><h2 style=\"text-align: left;\"><span style=\"vertical-align: inherit;\"><span style=\"vertical-align: inherit;\"><img loading=\"lazy\" class=\"alignnone wp-image-3520 size-thumbnail\" src=\"http:\/\/healthybluestore.com\/wp-content\/uploads\/2021\/02\/healthy-blue-store-tradicion-80x80.png\" alt=\"\" width=\"80\" height=\"80\" \/><span style=\"vertical-align: inherit;\"><span style=\"vertical-align: inherit;\"><span style=\"vertical-align: inherit;\"><span style=\"vertical-align: inherit;\"><span style=\"vertical-align: inherit;\"><span style=\"vertical-align: inherit;\"><span style=\"vertical-align: inherit;\"><span style=\"vertical-align: inherit;\"><span style=\"vertical-align: inherit;\"><span style=\"vertical-align: inherit;\"><span style=\"vertical-align: inherit;\"><span style=\"vertical-align: inherit;\">TRADICI\u00d3N<\/span><\/span><\/span><\/span><\/span><\/span><\/span><\/span><\/span><\/span><\/span><\/span><\/span><\/span><\/h2>\n<\/div><\/section><br \/>\n<section class=\"av_textblock_section \"  itemscope=\"itemscope\" itemtype=\"https:\/\/schema.org\/CreativeWork\" ><div class='avia_textblock  '   itemprop=\"text\" ><h2 style=\"text-align: left;\"><span style=\"vertical-align: inherit;\"><span style=\"vertical-align: inherit;\"><img loading=\"lazy\" class=\"alignnone wp-image-3515 size-thumbnail\" src=\"http:\/\/healthybluestore.com\/wp-content\/uploads\/2021\/02\/healthy-blue-store-beneficios-80x80.png\" alt=\"\" width=\"80\" height=\"80\" \/><span style=\"vertical-align: inherit;\"><span style=\"vertical-align: inherit;\"><span style=\"vertical-align: inherit;\"><span style=\"vertical-align: inherit;\"><span style=\"vertical-align: inherit;\"><span style=\"vertical-align: inherit;\"><span style=\"vertical-align: inherit;\"><span style=\"vertical-align: inherit;\"><span style=\"vertical-align: inherit;\"><span style=\"vertical-align: inherit;\"><span style=\"vertical-align: inherit;\"><span style=\"vertical-align: inherit;\"><span style=\"vertical-align: inherit;\"><span style=\"vertical-align: inherit;\">BENEFICIOS<\/span><\/span><\/span><\/span><\/span><\/span><\/span><\/span><\/span><\/span><\/span><\/span><\/span><\/span><\/span><\/span><\/h2>\n<\/div><\/section><\/p><\/div>\n\n","protected":false},"excerpt":{"rendered":"","protected":false},"author":1,"featured_media":3275,"parent":0,"menu_order":0,"comment_status":"closed","ping_status":"closed","template":"","meta":{"_bbp_topic_count":0,"_bbp_reply_count":0,"_bbp_total_topic_count":0,"_bbp_total_reply_count":0,"_bbp_voice_count":0,"_bbp_anonymous_reply_count":0,"_bbp_topic_count_hidden":0,"_bbp_reply_count_hidden":0,"_bbp_forum_subforum_count":0,"spay_email":""},"_links":{"self":[{"href":"https:\/\/healthybluestore.com\/index.php\/wp-json\/wp\/v2\/pages\/3449"}],"collection":[{"href":"https:\/\/healthybluestore.com\/index.php\/wp-json\/wp\/v2\/pages"}],"about":[{"href":"https:\/\/healthybluestore.com\/index.php\/wp-json\/wp\/v2\/types\/page"}],"author":[{"embeddable":true,"href":"https:\/\/healthybluestore.com\/index.php\/wp-json\/wp\/v2\/users\/1"}],"replies":[{"embeddable":true,"href":"https:\/\/healthybluestore.com\/index.php\/wp-json\/wp\/v2\/comments?post=3449"}],"version-history":[{"count":3,"href":"https:\/\/healthybluestore.com\/index.php\/wp-json\/wp\/v2\/pages\/3449\/revisions"}],"predecessor-version":[{"id":3528,"href":"https:\/\/healthybluestore.com\/index.php\/wp-json\/wp\/v2\/pages\/3449\/revisions\/3528"}],"wp:featuredmedia":[{"embeddable":true,"href":"https:\/\/healthybluestore.com\/index.php\/wp-json\/wp\/v2\/media\/3275"}],"wp:attachment":[{"href":"https:\/\/healthybluestore.com\/index.php\/wp-json\/wp\/v2\/media?parent=3449"}],"curies":[{"name":"wp","href":"https:\/\/api.w.org\/{rel}","templated":true}]}}