{"id":3640,"date":"2021-04-07T16:20:28","date_gmt":"2021-04-07T16:20:28","guid":{"rendered":"https:\/\/healthybluestore.com\/?page_id=3640"},"modified":"2021-04-07T16:38:40","modified_gmt":"2021-04-07T16:38:40","slug":"politicas-de-privacidad","status":"publish","type":"page","link":"https:\/\/healthybluestore.com\/index.php\/politicas-de-privacidad\/","title":{"rendered":"POLITICAS DE PRIVACIDAD"},"content":{"rendered":"<section class=\"av_textblock_section \"  itemscope=\"itemscope\" itemtype=\"https:\/\/schema.org\/CreativeWork\" ><div class='avia_textblock  '   itemprop=\"text\" ><p>Pol\u00edtica de privacidad<\/p>\n<p>Ultima actualizaci\u00f3n: 07 de ABRIL de 2021<\/p>\n<p>A continuaci\u00f3n, te resumimos lo m\u00e1s importante que debes conocer en funci\u00f3n de tu relaci\u00f3n con Healthy blue store<\/p>\n<p>Versi\u00f3n resumida por si vas corto de tiempo<\/p>\n<p>I \u2013 Como Usuario, Usuario Registrado o Anunciante Particular que utiliza nuestra Web o Apps<\/p>\n<p>En Healthy blue store somos responsables de tratar los datos personales que nos facilites a ra\u00edz de cualquier servicio que nos solicites.<\/p>\n<p>La base legal para poder tratar tus datos es la relaci\u00f3n contractual que se crea cuando nos solicitas un servicio.<\/p>\n<p>Te enviaremos comunicaciones comerciales cuando las hayas aceptado.<\/p>\n<p>En caso de que hayas autorizado la cesi\u00f3n de tus datos o nos hayas solicitado un servicio prestado por otras empresas, estas necesitar\u00e1n tener acceso a tus datos para poder prestarte el servicio.<\/p>\n<p>Puedes en cualquier momento acceder, rectificar o suprimir tus datos, as\u00ed como ejercitar otros derechos (te lo explicamos m\u00e1s adelante).<\/p>\n<p>II \u2013 Como Anunciante Profesional (personas jur\u00eddicas o f\u00edsicas) o representante del mismo, que utiliza nuestra Web, Apps o nuestras herramientas para profesionales<\/p>\n<p>En Healthy blue store somos responsables de tratar los datos personales que nos facilites para prestarte el servicio contratado contigo o con la entidad que representas<\/p>\n<p>La base legal para tratar tus datos es el inter\u00e9s leg\u00edtimo de Healthy blue store.<\/p>\n<p>Tus datos podr\u00e1n ser compartidos con prestadores de servicios de Healthy blue store que deban acceder a ellos para prestarte a ti o a la entidad a la que representas el servicio.<\/p>\n<p>Puedes en cualquier momento acceder, rectificar o suprimir tus datos, as\u00ed como ejercitar otros derechos (te lo explicamos m\u00e1s adelante).<\/p>\n<p>Es importante que sepas<\/p>\n<p>Siempre te recomendamos que leas esta pol\u00edtica de privacidad completa para poder conocer, en detalle, qu\u00e9 datos utilizamos desde cada servicio que nos solicites y durante cu\u00e1nto tiempo los necesitamos conservar.<\/p>\n<p>Esta pol\u00edtica de privacidad podr\u00e1 ser modificada por decisi\u00f3n unilateral de Healthy blue store, te recomendamos que la consultes regularmente.<\/p>\n<p>Al hacer click en el bot\u00f3n \u201cOk, vamos para dentro\u201d, o equivalente, declaras conocer y entender la pol\u00edtica de privacidad de Healthy blue store.<\/p>\n<p>Ahora nos metemos en harina con el texto legal, para que tengas la tranquilidad de saber todo lo que haremos (y lo que no) con tus datos. Puedes ir a por una buena taza de t\u00e9, zumo o caf\u00e9 y pon tu m\u00fasica preferida para que la lectura se te haga m\u00e1s leve.<\/p>\n<p>\u00cdndice<\/p>\n<p>Responsable del tratamiento: \u00bfqui\u00e9n es la responsable del tratamiento de tus datos?<\/p>\n<ol>\n<li>Responsable del tratamiento: \u00bfqui\u00e9n es la responsable del tratamiento de tus datos?<\/li>\n<\/ol>\n<p>Healthy blue store, S.A.U., con domicilio en Madrid, Plaza de las Cortes 2, 5\u00ba (28014), con NIF A-82505660,\u00a0 (en adelante, \u201cHealthy blue store\u201d) es la responsable del tratamiento de los datos de car\u00e1cter personal que env\u00edes a trav\u00e9s de nuestra p\u00e1gina web, sus subdominios o nuestras aplicaciones (en adelante, Web y Apps).<\/p>\n<p>En las siguientes cl\u00e1usulas te facilitamos la informaci\u00f3n sobre los derechos que te asisten, as\u00ed como el uso que realizaremos de tus datos personales, tanto si utilizas nuestras Web y Apps para buscar informaci\u00f3n sobre inmuebles publicados (\u201cUsuario\u201d o \u201cUsuario Registrado\u201c) como si publicas un inmueble a t\u00edtulo particular (\u201cAnunciante Particular\u201d) o como representante de un anunciante profesional (\u201cAnunciante Profesional\u201d) en virtud del Reglamento General Europeo de Protecci\u00f3n de Datos (\u201cRGPD\u201d)<\/p>\n<p>Si tienes cualquier duda relativa al tratamiento de tus datos personales, puedes contactar con nosotros en la siguiente direcci\u00f3n: privacidad@vayacasa.com, llamando al 34 622 08 88 48 o contactando con nuestro Delegado de Protecci\u00f3n de Datos a trav\u00e9s de la siguiente direcci\u00f3n info@vayacasa.com.<\/p>\n<ol start=\"2\">\n<li>Finalidades del tratamiento: \u00bfqu\u00e9 podemos hacer con tus datos?<\/li>\n<li>a) Gestionamos tus datos personales para prestarte los servicios que nos hayas solicitado a trav\u00e9s de la Web y Apps. El listado de servicios incluye:<\/li>\n<\/ol>\n<p>Tu registro como usuario.<\/p>\n<p>Guardar y gestionar tus b\u00fasquedas de inmuebles.<\/p>\n<p>Facilitar el contacto con anunciantes.<\/p>\n<p>Publicaci\u00f3n de anuncios.<\/p>\n<p>Chat de contacto.<\/p>\n<p>Servicio de valoraci\u00f3n de inmuebles<\/p>\n<p>Servicio de solicitud de certificaci\u00f3n de eficiencia energ\u00e9tica.<\/p>\n<p>Servicios de energ\u00eda solar u otras soluciones energ\u00e9ticas.<\/p>\n<p>Servicios multimedia que te ayuden a mejorar tu anuncio (book de fotos, video profesional, etc.)<\/p>\n<p>Servicio de exportaci\u00f3n de inmuebles.<\/p>\n<p>Servicio Vendor Leads para ayudarte a vender o alquilar tu inmueble.<\/p>\n<p>Env\u00edo de informaci\u00f3n sobre inmuebles similares que pueden ser de tu inter\u00e9s.<\/p>\n<p>Servicio de creaci\u00f3n y firma de contrato de alquiler.<\/p>\n<ol>\n<li>b) En caso de que nos hagas una reclamaci\u00f3n o consulta, trataremos tus datos para gestionar las mismas.<\/li>\n<\/ol>\n<ol>\n<li>c) Si eres un Usuario o Anunciante Particular, te podremos enviar comunicaciones comerciales que hayas aceptado para:<\/li>\n<\/ol>\n<p>Comunicarte informaci\u00f3n de inmuebles, noticias y otras comunicaciones promocionales relacionadas con Healthy blue store o sus empresas (Rentalia, TerceroB, Healthy blue store\/hipotecas),<\/p>\n<p>Comunicarte ofertas especiales de empresas que te ayudar\u00e1n en el proceso de vender\/alquilar tu inmueble (inmobiliarias, promotoras, energ\u00e9ticas, aseguradoras, consultoras y tasadoras)<\/p>\n<p>La realizaci\u00f3n de campa\u00f1as puntuales de control interno y calidad de los servicios, y<\/p>\n<p>Solicitar tu participaci\u00f3n en encuestas para mejorar nuestro servicio.<\/p>\n<ol>\n<li>d) Si eres un Usuario o Usuario Registrado podremos hacer un perfilado que incluir\u00e1 informaci\u00f3n sobre las b\u00fasquedas que has realizado, los inmuebles que has guardado como favoritos o los contactos que hayas realizado con anunciantes con la finalidad de mostrarte inmuebles similares que puedan ser de tu inter\u00e9s a trav\u00e9s de comunicaciones.<\/li>\n<\/ol>\n<ol>\n<li>e) Si eres representante o persona de contacto de un Anunciante Profesional, gestionamos tus datos personales para mantener el contacto y desarrollar la relaci\u00f3n comercial con las entidades a las que representas. Asimismo, te podremos enviar comunicaciones comerciales que hayas aceptado para informarte de:<\/li>\n<\/ol>\n<p>Eventos y cursos de Healthy blue store o de sus empresas (Rentalia, Healthy blue store\/hipotecas)<\/p>\n<p>Comunicarte informaci\u00f3n de inmuebles, noticias y otras comunicaciones promocionales relacionadas con Healthy blue store o sus empresas (Rentalia, Healthy blue store\/hipotecas)<\/p>\n<p>Solicitar tu participaci\u00f3n en encuestas y estudios de mercados.<\/p>\n<ol>\n<li>f) Si has contratado un servicio de pago, eres Anunciante Particular o representante o persona de contacto de un Anunciante Profesional, trataremos tus datos tambi\u00e9n para gestionar las reclamaciones de cantidades que nos puedas adeudar por nuestros servicios.<\/li>\n<\/ol>\n<ol start=\"3\">\n<li>Base legal \/ legitimaci\u00f3n: \u00bfpor qu\u00e9 podemos tratarlos?<\/li>\n<\/ol>\n<p>Las bases legales que nos permiten el tratamiento de tus datos para cada una de las finalidades indicadas en el apartado 2 anterior son:<\/p>\n<ol start=\"2\">\n<li>a) Relaci\u00f3n contractual: es la que aplica cuando nos solicitas un servicio de los indicados en el apartado 2. a), aun cuando este sea gratuito.<\/li>\n<\/ol>\n<ol start=\"2\">\n<li>b) Inter\u00e9s leg\u00edtimo: para atender a las consultas y reclamaciones (2.b) que nos plantees y para gestionar el recobro de las cantidades adeudadas (2.f). Si eres el representante o persona de contacto de un Anunciante Profesional, tenemos un inter\u00e9s leg\u00edtimo en permanecer en contacto con la entidad a la cual representas y prestamos nuestros servicios y para invitarte a eventos y cursos de Healthy blue store (2.e)<\/li>\n<\/ol>\n<ol>\n<li>c) Tu consentimiento:<\/li>\n<\/ol>\n<p>Si eres un Usuario Registrado o Anunciante Particular, mediante la marcaci\u00f3n de la casilla que figura en el formulario de registro o de alta de anuncio y que se despliega en la secci\u00f3n \u201cAjustes\u201d, nos has autorizado a que te remitamos las comunicaciones identificadas en el apartado 2 c) anterior;<\/p>\n<p>Si eres el representante o persona de contacto de un Anunciante Profesional, al marcar la casilla correspondiente cuando nos contactas o en la contrataci\u00f3n de alguno de nuestros servicios, nos has autorizado a que te remitamos las comunicaciones identificadas en el apartado 2 e) anterior.<\/p>\n<ol start=\"4\">\n<li>Destinatarios: \u00bfa qui\u00e9n podemos comunicarlos?<\/li>\n<\/ol>\n<p>Podremos comunicar tus datos a terceros en los siguientes casos:<\/p>\n<p>Para el apartado 2.a anterior (servicios que nos solicites)<\/p>\n<p>A los anunciantes con los que te hayas puesto en contacto para gestionar tu solicitud.<\/p>\n<p>A Healthy blue store\/ hipotecas (Healthy blue store cr\u00e9dito y financiaci\u00f3n, s.l.), cuando solicites alguno de sus servicios de gesti\u00f3n de hipotecas.<\/p>\n<p>A Healthy blue store\/data (TerceroB) cuando solicites un servicio de valoraci\u00f3n de inmuebles o solicitud de una nota simple registral.<\/p>\n<p>A otras empresas de Healthy blue store (mencionadas anteriormente) con la finalidad de remitirte informaci\u00f3n de inmuebles, noticias y otras comunicaciones promocionales, s\u00ed as\u00ed lo has aceptado.<\/p>\n<p>A Juzgados o Tribunales o Administraciones P\u00fablicas para la atenci\u00f3n de cualquier requerimiento legal.<\/p>\n<p>A Sociedad de tasaci\u00f3n u otra empresa similar, cuando solicites el certificado de eficiencia energ\u00e9tica.<\/p>\n<p>A EDP Comercializadora, EDP Energ\u00eda y EDP Solar Espa\u00f1a, cuando solicites alguno de los servicios energ\u00eda solar u otras soluciones energ\u00e9ticas para que puedan ponerse en contacto contigo y tramitar tu petici\u00f3n.<\/p>\n<p>A entidades titulares \/ gestoras de agregadores o portales inmobiliarios, para la publicaci\u00f3n de tus inmuebles, cuando solicites el servicio de exportaci\u00f3n a otros portales (en el caso de Anunciante Profesional).<\/p>\n<p>A las agencias que hayas seleccionado para ayudarte en la venta de tu inmueble, cuando solicites el servicio Vendor Leads.<\/p>\n<p>Al proveedor de firma electr\u00f3nica certificada, cuando solicites el servicio de creaci\u00f3n y firma de contrato de alquiler.<\/p>\n<p>Para el apartado 2.c anterior (si eres Usuario, Usuario Registrado o Anunciante Particular)<\/p>\n<p>A terceros del sector inmobiliario, energ\u00e9ticas, aseguradoras, inmobiliarias, consultoras, tasadoras y otras empresas de Healthy blue store cuando lo hayas aceptado y con la finalidad de remitirte comunicaciones comerciales.<\/p>\n<p>Para el resto de finalidades<\/p>\n<p>No se ceder\u00e1n tus datos a terceros, salvo que fuera necesario para un cumplir con un requerimiento legal.<\/p>\n<p>Para todas las finalidades<\/p>\n<p>Podr\u00e1n tener acceso a tus datos los prestadores de servicios de Healthy blue store que est\u00e9n encargados del tratamiento, incluyendo a los que nos prestan servicios de tecnolog\u00eda o de env\u00edo, recepci\u00f3n de documentaci\u00f3n y las herramientas de apoyo para medir el funcionamiento de la Web y Apps.<\/p>\n<p>Puedes solicitar m\u00e1s informaci\u00f3n sobre los destinatarios de tus datos enviando un correo electr\u00f3nico a la direcci\u00f3n privacidad@vayacasa.com, indicando el tratamiento o el uso concreto sobre cuyos destinatarios querr\u00edas informaci\u00f3n.<\/p>\n<ol start=\"5\">\n<li>Comunicaci\u00f3n de datos \u00bfa d\u00f3nde podemos enviar tus datos?<\/li>\n<\/ol>\n<p>No realizaremos transferencias internacionales de tus datos personales para ninguna de las finalidades indicadas.<\/p>\n<ol start=\"6\">\n<li>Plazo de conservaci\u00f3n de los datos \u00bfcu\u00e1nto tiempo vamos a tratar tus datos?<\/li>\n<\/ol>\n<p>Dependiendo de cada una de las finalidades de tratamiento que hagamos de tus datos el plazo ser\u00e1:<\/p>\n<p>Durante la relaci\u00f3n contractual. O sea, mientras est\u00e9s usando nuestros servicios, o nosotros, o el proveedor est\u00e9 gestionando lo que nos hayas pedido (aplica al apartado 2.a anterior).<\/p>\n<p>Hasta la resoluci\u00f3n de la consulta o reclamaci\u00f3n planteada (apartado 2.b y 2.f).<\/p>\n<p>Hasta que revoques tu consentimiento (apartado 2.c y 2.e).<\/p>\n<p>Si eres representante o persona de contacto de un Anunciante Profesional, durante la relaci\u00f3n contractual con la entidad a la que representas o, en relaci\u00f3n con determinados datos, hasta que nos comuniques el cese como persona de contacto (apartado 2.e).<\/p>\n<p>Hasta que solicites su supresi\u00f3n, en los supuestos legalmente permitidos (aplica a todas las finalidades descritas en el apartado 2).<\/p>\n<p>Durante el plazo de 5 a\u00f1os desde la fecha de formalizaci\u00f3n del contrato de alquiler, si has solicitado el servicio de creaci\u00f3n y firma de contrato de alquiler.<\/p>\n<p>Te informamos que tus datos se conservar\u00e1n bloqueados al finalizar el tratamiento al que se destinan y durante los plazos de prescripci\u00f3n de obligaciones definidos para cada finalidad del tratamiento indicadas en el apartado 2.<\/p>\n<p>Si eres un Anunciante Particular (tanto si has utilizado el servicio de publicaci\u00f3n gratuita de inmuebles o el servicio de pago), te informamos que al solicitar la baja de Healthy blue store mantendremos tu n\u00famero de tel\u00e9fono bloqueado desde la fecha de desactivaci\u00f3n del \u00faltimo de los anuncios hasta la prescripci\u00f3n legal de obligaciones (6 a\u00f1os). Durante el periodo de bloqueo, podremos realizar comprobaciones de seguridad para procurar el correcto funcionamiento de nuestros servicios.<\/p>\n<ol start=\"7\">\n<li>Informaci\u00f3n necesaria y actualizada<\/li>\n<\/ol>\n<p>En los formularios existen campos que son de cumplimento obligatorio sin los cuales no podremos facilitarte nuestros servicios. Al hacer \u201cclick\u201d en el bot\u00f3n \u201cOk, vamos para dentro\u201d (o equivalente) incorporado en los citados formularios, declaras que la informaci\u00f3n y los datos que facilitas son exactos y veraces.<\/p>\n<p>Para que la informaci\u00f3n facilitada est\u00e9 siempre actualizada y no contenga errores, recuerda comunicarnos, a la mayor brevedad posible, las modificaciones y rectificaciones de tus datos de car\u00e1cter personal que se vayan produciendo a trav\u00e9s del siguiente correo electr\u00f3nico privacidad@vayacasa.com. Tambi\u00e9n puedes actualizar tu tel\u00e9fono o email a trav\u00e9s de tu \u00e1rea privada en la Web o Apps.<\/p>\n<ol start=\"8\">\n<li>Derechos de los interesados<\/li>\n<\/ol>\n<p>Te informamos que podr\u00e1s ejercer los siguientes derechos:<\/p>\n<p>Derecho de acceso a tus datos personales para saber cu\u00e1les est\u00e1n siendo objeto de tratamiento y las operaciones de tratamiento llevadas a cabo con ellos;<\/p>\n<p>Derecho de rectificaci\u00f3n de cualquier dato personal inexacto;<\/p>\n<p>Derecho de supresi\u00f3n de tus datos personales, cuando esto sea posible (por ejemplo, por imperativo legal);<\/p>\n<p>Derecho a solicitar la limitaci\u00f3n del tratamiento de tus datos personales cuando la exactitud, la legalidad o la necesidad del tratamiento de los datos resulte dudosa, en cuyo caso, podremos conservarlos bloqueados para el ejercicio o la defensa de reclamaciones.<\/p>\n<p>Derecho de oposici\u00f3n al tratamiento de tus datos personales, cuando la base legal que nos habilite para su tratamiento de las indicadas sea nuestro inter\u00e9s leg\u00edtimo. Healthy blue store dejar\u00e1 de tratar tus datos salvo que tenga un inter\u00e9s leg\u00edtimo o sea necesario para la defensa de reclamaciones.<\/p>\n<p>Derecho a la portabilidad de tus datos, cuando la base legal que nos habilite para su tratamiento sea la existencia de una relaci\u00f3n contractual o tu consentimiento.<\/p>\n<p>Derecho a revocar el consentimiento otorgado a Healthy blue store.<\/p>\n<p>Podr\u00e1s ejercitar tus derechos en cualquier momento y de forma gratuita de las siguientes formas:<\/p>\n<p>Desde tu \u00e1rea privada en la Web y Apps, podr\u00e1s darte de baja de todos los env\u00edos de comunicaciones comerciales previamente aceptadas. A trav\u00e9s de esta secci\u00f3n podr\u00e1s seleccionar y personalizar el tipo de notificaciones que quieres recibir de Healthy blue store.<\/p>\n<p>En caso de que no puedas acceder a la Web y Apps, podr\u00e1s enviar un correo electr\u00f3nico a\u00a0<a href=\"mailto:privacidad@vayacasa.com\">privacidad@vayacasa.com<\/a>\u00a0indicando el derecho que deseas ejercitar y tus datos identificativos.<\/p>\n<p>Por otra parte, te informamos que tienes derecho a presentar una reclamaci\u00f3n ante la Agencia Espa\u00f1ola de Protecci\u00f3n de Datos si consideras que se ha cometido una infracci\u00f3n de la legislaci\u00f3n en materia de protecci\u00f3n de datos respecto al tratamiento de tus datos personales.<\/p>\n<ol start=\"9\">\n<li>Confidencialidad y seguridad<\/li>\n<\/ol>\n<p>En Healthy blue store empleamos todos los esfuerzos razonables para mantener la confidencialidad de la informaci\u00f3n personal que se trate a trav\u00e9s de la Web y Apps y en su caso, otras herramientas de Healthy blue store. Mantenemos estrictos niveles de seguridad para proteger los datos de car\u00e1cter personal que procesamos frente a p\u00e9rdidas fortuitas y a accesos, tratamientos o revelaciones no autorizados, habida cuenta del estado de la tecnolog\u00eda, la naturaleza y los riesgos a que est\u00e1n expuestos los datos. No obstante, no podemos responsabilizarnos del uso que hagas de los datos (incluido usuario y contrase\u00f1a) que utilices en Healthy blue store fuera de nuestras herramientas, Web o Apps.<\/p>\n<ol start=\"10\">\n<li>Informaci\u00f3n adicional de determinadas funcionalidades de la Web<\/li>\n<\/ol>\n<p>Formulario \u201cenv\u00eda a un amigo\u201d<\/p>\n<p>Healthy blue store no tratar\u00e1 los datos personales del amigo que incluyas en el formulario \u201cCompartir\u201d.<\/p>\n<p>Utilizaci\u00f3n del archivo de mensajes y mensajer\u00eda interna chat<\/p>\n<p>A los efectos de optimizar tu experiencia, Healthy blue store pone a tu disposici\u00f3n el servicio de archivo de mensajes (enviados o recibidos) y mensajer\u00eda interna (chat) de la Web y Apps a trav\u00e9s del cual Usuarios, Usuarios Registrados y Anunciantes pueden iniciar el contacto y dar continuidad a sus comunicaciones. Mediante la aceptaci\u00f3n de la presente Pol\u00edtica de Privacidad consientes expresamente que Healthy blue store almacene dichas conversaciones; acceda a las mismas y utilice sistemas automatizados para verificarlas a los efectos de asegurar el cumplimiento de las condiciones generales de uso del servicio, desarrollo y mejora de nuestros servicios, as\u00ed como con el resto de finalidades descritas en la presente pol\u00edtica.<\/p>\n<p>Nos reservamos el derecho de bloquear el acceso al servicio de mensajer\u00eda si, a nuestra discreci\u00f3n, consideramos que las comunicaciones pueden contener contenido malicioso, spam o comporten alg\u00fan riesgo para Usuarios, Usuarios Registrados o Anunciantes. Dado que Healthy blue store facilita varias formas de contacto, Usuarios, Usuarios Registrados o Anunciantes pueden elegir comunicarse contigo directamente a trav\u00e9s de la direcci\u00f3n de correo electr\u00f3nico facilitado, tu n\u00famero de tel\u00e9fono o mediante otros canales de comunicaci\u00f3n fuera del control de Healthy blue store.<\/p>\n<p>Registro de usuario y contrase\u00f1a<\/p>\n<p>Al registrarte en la Web y Apps definir\u00e1s un usuario y contrase\u00f1a que te permitir\u00e1 iniciar sesi\u00f3n, en cualquier momento, como \u201cUsuario Registrado\u201d y, por tanto, gestionar t\u00fa relaci\u00f3n con Healthy blue store. La contrase\u00f1a podr\u00e1 ser modificada.<\/p>\n<p>Es indispensable que guardes y conserves con car\u00e1cter confidencial en todo momento la contrase\u00f1a, no poni\u00e9ndola a disposici\u00f3n de terceros. Ser\u00eda recomendable que no utilices la misma contrase\u00f1a en todas tus cuentas personales de forma que, en caso de que cualquier tercero acceda a las mismas de forma no consentida o il\u00edcita, no pueda acceder a las diferentes cuentas que tengas en diferentes sites.<\/p>\n<p>Informaci\u00f3n recogida de forma pasiva<\/p>\n<p>En la prestaci\u00f3n de nuestros servicios utilizaremos software y\/o servicios de terceros para la recogida de informaci\u00f3n de manera pasiva, mientras navegas o interact\u00faas con el contenido de nuestra web o de sociedades filiales o participadas por Healthy blue store, as\u00ed como informaci\u00f3n sobre el dispositivo que utilices.<\/p>\n<p>El \u00fanico prop\u00f3sito de recoger esta informaci\u00f3n de manera pasiva es conocer mejor como utilizas e interact\u00faas con la Web y Apps para mejorar tu experiencia mientras utilizas nuestros servicios e identificar posibles errores en la implementaci\u00f3n de nuestra Web. La informaci\u00f3n recogida incluye, entre otros:<\/p>\n<p>La direcci\u00f3n IP de tu dispositivo<\/p>\n<p>El tama\u00f1o de pantalla del dispositivo que utilices<\/p>\n<p>Tipo de dispositivo (identificador \u00fanico del dispositivo) e informaci\u00f3n sobre el navegador<\/p>\n<p>Localizaci\u00f3n geogr\u00e1fica<\/p>\n<p>Idioma favorito usado para mostrar en nuestra web<\/p>\n<p>P\u00e1ginas visitadas<\/p>\n<p>Fecha y hora en las que las p\u00e1ginas han sido visitadas<\/p>\n<p>M\u00e1s informaci\u00f3n sobre la informaci\u00f3n recogida de forma pasiva en nuestra pol\u00edtica de cookies.<\/p>\n<p>Healthy blue store\/Tools \u00bfQu\u00e9 sucede al integrar tu cuenta Google con el software de Healthy blue store\/tools?<\/p>\n<p>Cuando haces una integraci\u00f3n de tu cuenta de Google con nuestro software de Healthy blue store\/tools, exportaremos informaci\u00f3n relevante para que tengas una mejor experiencia de nuestro servicio.<\/p>\n<p>Healthy blue store\/Tools \u00bfQu\u00e9 datos recibimos cuando haces integraci\u00f3n con tu cuenta Google?<\/p>\n<p>Usuario Google: recibiremos todos tus datos como usuario de Google, incluyendo, entre otros, tu nombre, apellidos, direcci\u00f3n de correo electr\u00f3nico y\/o tel\u00e9fono, as\u00ed como las comunicaciones que se encuentran encriptadas en nuestras bases de datos.<\/p>\n<p>Google Calendar: desde tu calendario exportaremos la informaci\u00f3n respectiva a las actividades y eventos importantes para tu negocio.<\/p>\n<p>Gmail: Procesaremos los correos electr\u00f3nicos de contactos que hayas registrado en la aplicaci\u00f3n de Healthy blue store\/tools con el objetivo de que tengas el registro hist\u00f3rico de comunicaciones con tus clientes. Tambi\u00e9n procesaremos los correos electr\u00f3nicos de portales inmobiliarios para importar los contactos que recibas a tu CRM para facilitarte su gesti\u00f3n (\u00fanicamente para usuarios nivel Office).<\/p>\n<p>Healthy blue store\/Tools \u00bfQui\u00e9n tendr\u00e1 acceso a tus datos una vez haces la integraci\u00f3n con tu cuenta Google?<\/p>\n<p>T\u00fa, al haber realizado la integraci\u00f3n de tu cuenta de Google y nosotros, Healthy blue store, como usuarios a nivel administrador, en calidad de supervisores. Importaremos \u00fanicamente la informaci\u00f3n que sea relevante para la integraci\u00f3n con Healthy blue store\/tools.<\/p>\n<\/div><\/section>\n","protected":false},"excerpt":{"rendered":"","protected":false},"author":1,"featured_media":0,"parent":0,"menu_order":0,"comment_status":"closed","ping_status":"closed","template":"","meta":{"_bbp_topic_count":0,"_bbp_reply_count":0,"_bbp_total_topic_count":0,"_bbp_total_reply_count":0,"_bbp_voice_count":0,"_bbp_anonymous_reply_count":0,"_bbp_topic_count_hidden":0,"_bbp_reply_count_hidden":0,"_bbp_forum_subforum_count":0,"spay_email":""},"_links":{"self":[{"href":"https:\/\/healthybluestore.com\/index.php\/wp-json\/wp\/v2\/pages\/3640"}],"collection":[{"href":"https:\/\/healthybluestore.com\/index.php\/wp-json\/wp\/v2\/pages"}],"about":[{"href":"https:\/\/healthybluestore.com\/index.php\/wp-json\/wp\/v2\/types\/page"}],"author":[{"embeddable":true,"href":"https:\/\/healthybluestore.com\/index.php\/wp-json\/wp\/v2\/users\/1"}],"replies":[{"embeddable":true,"href":"https:\/\/healthybluestore.com\/index.php\/wp-json\/wp\/v2\/comments?post=3640"}],"version-history":[{"count":2,"href":"https:\/\/healthybluestore.com\/index.php\/wp-json\/wp\/v2\/pages\/3640\/revisions"}],"predecessor-version":[{"id":3644,"href":"https:\/\/healthybluestore.com\/index.php\/wp-json\/wp\/v2\/pages\/3640\/revisions\/3644"}],"wp:attachment":[{"href":"https:\/\/healthybluestore.com\/index.php\/wp-json\/wp\/v2\/media?parent=3640"}],"curies":[{"name":"wp","href":"https:\/\/api.w.org\/{rel}","templated":true}]}}